{"id":248,"date":"2015-11-17T17:29:39","date_gmt":"2015-11-17T15:29:39","guid":{"rendered":"http:\/\/yhdenvertaisuus.finlex.fi\/?page_id=248"},"modified":"2016-01-14T10:50:16","modified_gmt":"2016-01-14T08:50:16","slug":"syrjimattomyystesti","status":"publish","type":"page","link":"https:\/\/yhdenvertaisuus.finlex.fi\/sv\/syrjimattomyystesti\/","title":{"rendered":"Icke-diskrimineringstest"},"content":{"rendered":"<p>F\u00f6rekommer diskriminering p\u00e5 din arbetsplats? Hur v\u00e4l beaktas m\u00e5ngfald i arbetsgemenskapen och kundkretsen i er verksamhet? Har ni kunskap och f\u00e4rdigheter att utveckla tj\u00e4nsterna till j\u00e4mlikare tj\u00e4nster?<\/p>\n<p>Genom att besvara detta test kan du f\u00e5 en bild av likabehandlingssituationen i er organisation. V\u00e4lj det svarsalternativ som b\u00e4st motsvarar situationen p\u00e5 din arbetsplats.<\/p>\n<p>Ni kan dra nytta av enk\u00e4ten i likabehandlingsplaneringen t.ex. genom att j\u00e4mf\u00f6ra varandras uppfattningar om situationen i er arbetsgemenskap.<\/p>","protected":false},"excerpt":{"rendered":"F\u00f6rekommer diskriminering p\u00e5 din arbetsplats? Hur v\u00e4l beaktas m\u00e5ngfald i arbetsgemenskapen och kundkretsen i er verksamhet? Har ni kunskap och f\u00e4rdigheter att utveckla tj\u00e4nsterna till j\u00e4mlikare tj\u00e4nster? Genom att besvara detta test kan du f\u00e5 en bild av likabehandlingssituationen i er organisation. V\u00e4lj det svarsalternativ som b\u00e4st motsvarar situationen p\u00e5 din arbetsplats. Ni kan dra [&hellip;]\n","protected":false},"author":6,"featured_media":0,"parent":0,"menu_order":0,"comment_status":"closed","ping_status":"closed","template":"page-templates\/inquiry.php","meta":{"footnotes":""},"categories":[],"_links":{"self":[{"href":"https:\/\/yhdenvertaisuus.finlex.fi\/sv\/wp-json\/wp\/v2\/pages\/248"}],"collection":[{"href":"https:\/\/yhdenvertaisuus.finlex.fi\/sv\/wp-json\/wp\/v2\/pages"}],"about":[{"href":"https:\/\/yhdenvertaisuus.finlex.fi\/sv\/wp-json\/wp\/v2\/types\/page"}],"author":[{"embeddable":true,"href":"https:\/\/yhdenvertaisuus.finlex.fi\/sv\/wp-json\/wp\/v2\/users\/6"}],"replies":[{"embeddable":true,"href":"https:\/\/yhdenvertaisuus.finlex.fi\/sv\/wp-json\/wp\/v2\/comments?post=248"}],"version-history":[{"count":8,"href":"https:\/\/yhdenvertaisuus.finlex.fi\/sv\/wp-json\/wp\/v2\/pages\/248\/revisions"}],"predecessor-version":[{"id":366,"href":"https:\/\/yhdenvertaisuus.finlex.fi\/sv\/wp-json\/wp\/v2\/pages\/248\/revisions\/366"}],"wp:attachment":[{"href":"https:\/\/yhdenvertaisuus.finlex.fi\/sv\/wp-json\/wp\/v2\/media?parent=248"}],"wp:term":[{"taxonomy":"category","embeddable":true,"href":"https:\/\/yhdenvertaisuus.finlex.fi\/sv\/wp-json\/wp\/v2\/categories?post=248"}],"curies":[{"name":"wp","href":"https:\/\/api.w.org\/{rel}","templated":true}]}}