{"id":26,"date":"2015-10-06T11:23:09","date_gmt":"2015-10-06T11:23:09","guid":{"rendered":"http:\/\/yhdenvertaisuus\/?page_id=26"},"modified":"2016-01-14T10:46:21","modified_gmt":"2016-01-14T08:46:21","slug":"etusivu","status":"publish","type":"page","link":"https:\/\/yhdenvertaisuus.finlex.fi\/sv\/","title":{"rendered":"Framsidan"},"content":{"rendered":"<p>Den nya diskrimineringslagen tr\u00e4dde i kraft 1.1.2015. Syftet med lagen \u00e4r att fr\u00e4mja likabehandling och f\u00f6rebygga diskriminering samt att effektivisera r\u00e4ttss\u00e4kerheten f\u00f6r den som utsatts f\u00f6r diskriminering. Lagen inneh\u00e5ller best\u00e4mmelser om bland annat skyldigheten f\u00f6r olika akt\u00f6rer att bed\u00f6ma och fr\u00e4mja likabehandling vad g\u00e4ller personal och den \u00f6vriga verksamheten.<\/p>","protected":false},"excerpt":{"rendered":"Den nya diskrimineringslagen tr\u00e4dde i kraft 1.1.2015. Syftet med lagen \u00e4r att fr\u00e4mja likabehandling och f\u00f6rebygga diskriminering samt att effektivisera r\u00e4ttss\u00e4kerheten f\u00f6r den som utsatts f\u00f6r diskriminering. Lagen inneh\u00e5ller best\u00e4mmelser om bland annat skyldigheten f\u00f6r olika akt\u00f6rer att bed\u00f6ma och fr\u00e4mja likabehandling vad g\u00e4ller personal och den \u00f6vriga verksamheten.\n","protected":false},"author":6,"featured_media":0,"parent":0,"menu_order":0,"comment_status":"closed","ping_status":"closed","template":"page-templates\/front-page.php","meta":{"footnotes":""},"categories":[],"_links":{"self":[{"href":"https:\/\/yhdenvertaisuus.finlex.fi\/sv\/wp-json\/wp\/v2\/pages\/26"}],"collection":[{"href":"https:\/\/yhdenvertaisuus.finlex.fi\/sv\/wp-json\/wp\/v2\/pages"}],"about":[{"href":"https:\/\/yhdenvertaisuus.finlex.fi\/sv\/wp-json\/wp\/v2\/types\/page"}],"author":[{"embeddable":true,"href":"https:\/\/yhdenvertaisuus.finlex.fi\/sv\/wp-json\/wp\/v2\/users\/6"}],"replies":[{"embeddable":true,"href":"https:\/\/yhdenvertaisuus.finlex.fi\/sv\/wp-json\/wp\/v2\/comments?post=26"}],"version-history":[{"count":12,"href":"https:\/\/yhdenvertaisuus.finlex.fi\/sv\/wp-json\/wp\/v2\/pages\/26\/revisions"}],"predecessor-version":[{"id":364,"href":"https:\/\/yhdenvertaisuus.finlex.fi\/sv\/wp-json\/wp\/v2\/pages\/26\/revisions\/364"}],"wp:attachment":[{"href":"https:\/\/yhdenvertaisuus.finlex.fi\/sv\/wp-json\/wp\/v2\/media?parent=26"}],"wp:term":[{"taxonomy":"category","embeddable":true,"href":"https:\/\/yhdenvertaisuus.finlex.fi\/sv\/wp-json\/wp\/v2\/categories?post=26"}],"curies":[{"name":"wp","href":"https:\/\/api.w.org\/{rel}","templated":true}]}}