{"id":35,"date":"2015-10-06T16:08:48","date_gmt":"2015-10-06T13:08:48","guid":{"rendered":"http:\/\/yhdenvertaisuus\/?page_id=35"},"modified":"2016-01-15T13:09:38","modified_gmt":"2016-01-15T11:09:38","slug":"keita-arviointivelvollisuus-koskee","status":"publish","type":"page","link":"https:\/\/yhdenvertaisuus.finlex.fi\/sv\/yhdenvertaisuuden-arviointi\/keita-arviointivelvollisuus-koskee\/","title":{"rendered":"Vem omfattas av skyldigheten att g\u00f6ra bed\u00f6mningar?"},"content":{"rendered":"<p><img decoding=\"async\" class=\"alignright size-full wp-image-373\" src=\"http:\/\/yhdenvertaisuus.finlex.fi\/wp-content\/uploads\/2015\/10\/yhtenvertaisuus-02.png\" alt=\"yhtenvertaisuus-02\" width=\"370\" \/>\u00c4r ni en<\/p>\n<ol>\n<li><strong>myndighet<\/strong><br \/>\nMed myndigheter avses i denna lag statliga myndigheter, kommunala myndigheter, sj\u00e4lvst\u00e4ndiga offentligr\u00e4ttsliga inr\u00e4ttningar och riksdagens \u00e4mbetsverk samt myndigheterna i landskapet \u00c5land n\u00e4r de till\u00e4mpar f\u00f6rfattningar som h\u00f6r till rikslagstiftningen. Vad som f\u00f6reskrivs om myndigheter ska ocks\u00e5 till\u00e4mpas p\u00e5 andra organ som sk\u00f6ter offentliga f\u00f6rvaltningsuppgifter.<\/li>\n<li><strong>utbildningsanordnare<\/strong><br \/>\nMed utbildningsanordnare avses i denna lag den som anordnar undervisning eller utbildning som grundar sig p\u00e5 lag.<\/li>\n<li>eller en <strong>arbetsgivare<\/strong>?<br \/>\nMed arbetsgivare avses i denna lag den som har anst\u00e4llda i arbetsavtalsf\u00f6rh\u00e5llande eller offentligr\u00e4ttslig anst\u00e4llning. Vad som i denna lag f\u00f6reskrivs om arbetsgivare ska ocks\u00e5 till\u00e4mpas p\u00e5 anv\u00e4ndarf\u00f6retag som avses i <a class=\"external finlex\" href=\"http:\/\/www.finlex.fi\/sv\/laki\/ajantasa\/2001\/20010055#L1P7\" target=\"_blank\">1 kap. 7 \u00a7 i arbetsavtalslagen<\/a> (55\/2001) och <a class=\"external finlex\" href=\"http:\/\/www.finlex.fi\/sv\/laki\/ajantasa\/2011\/20110756#L1P8\" target=\"_blank\">1 kap. 8 \u00a7 i lagen om sj\u00f6arbetsavtal<\/a> (756\/2011) n\u00e4r de i fr\u00e5ga om inhyrda arbetstagare ut\u00f6var sin r\u00e4tt att leda och \u00f6vervaka arbetet samt p\u00e5 dem som ordnar arbetspraktik eller n\u00e5gon annan motsvarande verksamhet till den del de ut\u00f6var r\u00e4tt att leda och \u00f6vervaka arbetet.<\/li>\n<\/ol>\n<p><\/p>","protected":false},"excerpt":{"rendered":"\u00c4r ni en myndighet Med myndigheter avses i denna lag statliga myndigheter, kommunala myndigheter, sj\u00e4lvst\u00e4ndiga offentligr\u00e4ttsliga inr\u00e4ttningar och riksdagens \u00e4mbetsverk samt myndigheterna i landskapet \u00c5land n\u00e4r de till\u00e4mpar f\u00f6rfattningar som h\u00f6r till rikslagstiftningen. Vad som f\u00f6reskrivs om myndigheter ska ocks\u00e5 till\u00e4mpas p\u00e5 andra organ som sk\u00f6ter offentliga f\u00f6rvaltningsuppgifter. utbildningsanordnare Med utbildningsanordnare avses i denna lag [&hellip;]\n","protected":false},"author":6,"featured_media":0,"parent":31,"menu_order":20,"comment_status":"closed","ping_status":"closed","template":"","meta":{"footnotes":""},"categories":[],"_links":{"self":[{"href":"https:\/\/yhdenvertaisuus.finlex.fi\/sv\/wp-json\/wp\/v2\/pages\/35"}],"collection":[{"href":"https:\/\/yhdenvertaisuus.finlex.fi\/sv\/wp-json\/wp\/v2\/pages"}],"about":[{"href":"https:\/\/yhdenvertaisuus.finlex.fi\/sv\/wp-json\/wp\/v2\/types\/page"}],"author":[{"embeddable":true,"href":"https:\/\/yhdenvertaisuus.finlex.fi\/sv\/wp-json\/wp\/v2\/users\/6"}],"replies":[{"embeddable":true,"href":"https:\/\/yhdenvertaisuus.finlex.fi\/sv\/wp-json\/wp\/v2\/comments?post=35"}],"version-history":[{"count":10,"href":"https:\/\/yhdenvertaisuus.finlex.fi\/sv\/wp-json\/wp\/v2\/pages\/35\/revisions"}],"predecessor-version":[{"id":414,"href":"https:\/\/yhdenvertaisuus.finlex.fi\/sv\/wp-json\/wp\/v2\/pages\/35\/revisions\/414"}],"up":[{"embeddable":true,"href":"https:\/\/yhdenvertaisuus.finlex.fi\/sv\/wp-json\/wp\/v2\/pages\/31"}],"wp:attachment":[{"href":"https:\/\/yhdenvertaisuus.finlex.fi\/sv\/wp-json\/wp\/v2\/media?parent=35"}],"wp:term":[{"taxonomy":"category","embeddable":true,"href":"https:\/\/yhdenvertaisuus.finlex.fi\/sv\/wp-json\/wp\/v2\/categories?post=35"}],"curies":[{"name":"wp","href":"https:\/\/api.w.org\/{rel}","templated":true}]}}