{"id":37,"date":"2015-10-06T16:09:07","date_gmt":"2015-10-06T13:09:07","guid":{"rendered":"http:\/\/yhdenvertaisuus\/?page_id=37"},"modified":"2016-01-15T13:14:35","modified_gmt":"2016-01-15T11:14:35","slug":"mita-arvioidaan","status":"publish","type":"page","link":"https:\/\/yhdenvertaisuus.finlex.fi\/sv\/yhdenvertaisuuden-arviointi\/mita-arvioidaan\/","title":{"rendered":"Vad bed\u00f6ms?"},"content":{"rendered":"<p><img decoding=\"async\" class=\"alignright size-full wp-image-375\" src=\"http:\/\/yhdenvertaisuus.finlex.fi\/wp-content\/uploads\/2015\/10\/yhtenvertaisuus-03.png\" alt=\"yhtenvertaisuus-03\" width=\"385\" \/>Inneh\u00e5llet i diskrimineringslagen omfattar fr\u00e4mjande av likabehandling (<a class=\"external finlex\" href=\"http:\/\/www.finlex.fi\/sv\/laki\/ajantasa\/2014\/20141325#L2\" target=\"_blank\">kapitel 2<\/a>), f\u00f6rbud mot diskriminering (<a class=\"external finlex\" href=\"http:\/\/www.finlex.fi\/sv\/laki\/ajantasa\/2014\/20141325#L3\" target=\"_blank\">kapitel 3<\/a>) och r\u00e4ttsskydd f\u00f6r diskrimineringsoffer. Inneh\u00e5llsm\u00e4ssigt sett kan bed\u00f6mningen av likabehandling delas in i tv\u00e5 delomr\u00e5den, som \u00e4r:<\/p>\n<ol>\n<li>Identifiering av diskriminering och ingripande mot diskriminering<\/li>\n<li>Fr\u00e4mjande av likabehandling.<\/li>\n<\/ol>\n<p><\/p>","protected":false},"excerpt":{"rendered":"Inneh\u00e5llet i diskrimineringslagen omfattar fr\u00e4mjande av likabehandling (kapitel 2), f\u00f6rbud mot diskriminering (kapitel 3) och r\u00e4ttsskydd f\u00f6r diskrimineringsoffer. Inneh\u00e5llsm\u00e4ssigt sett kan bed\u00f6mningen av likabehandling delas in i tv\u00e5 delomr\u00e5den, som \u00e4r: Identifiering av diskriminering och ingripande mot diskriminering Fr\u00e4mjande av likabehandling.\n","protected":false},"author":6,"featured_media":0,"parent":31,"menu_order":30,"comment_status":"closed","ping_status":"closed","template":"","meta":{"footnotes":""},"categories":[],"_links":{"self":[{"href":"https:\/\/yhdenvertaisuus.finlex.fi\/sv\/wp-json\/wp\/v2\/pages\/37"}],"collection":[{"href":"https:\/\/yhdenvertaisuus.finlex.fi\/sv\/wp-json\/wp\/v2\/pages"}],"about":[{"href":"https:\/\/yhdenvertaisuus.finlex.fi\/sv\/wp-json\/wp\/v2\/types\/page"}],"author":[{"embeddable":true,"href":"https:\/\/yhdenvertaisuus.finlex.fi\/sv\/wp-json\/wp\/v2\/users\/6"}],"replies":[{"embeddable":true,"href":"https:\/\/yhdenvertaisuus.finlex.fi\/sv\/wp-json\/wp\/v2\/comments?post=37"}],"version-history":[{"count":7,"href":"https:\/\/yhdenvertaisuus.finlex.fi\/sv\/wp-json\/wp\/v2\/pages\/37\/revisions"}],"predecessor-version":[{"id":418,"href":"https:\/\/yhdenvertaisuus.finlex.fi\/sv\/wp-json\/wp\/v2\/pages\/37\/revisions\/418"}],"up":[{"embeddable":true,"href":"https:\/\/yhdenvertaisuus.finlex.fi\/sv\/wp-json\/wp\/v2\/pages\/31"}],"wp:attachment":[{"href":"https:\/\/yhdenvertaisuus.finlex.fi\/sv\/wp-json\/wp\/v2\/media?parent=37"}],"wp:term":[{"taxonomy":"category","embeddable":true,"href":"https:\/\/yhdenvertaisuus.finlex.fi\/sv\/wp-json\/wp\/v2\/categories?post=37"}],"curies":[{"name":"wp","href":"https:\/\/api.w.org\/{rel}","templated":true}]}}