{"id":39,"date":"2015-10-06T16:09:25","date_gmt":"2015-10-06T13:09:25","guid":{"rendered":"http:\/\/yhdenvertaisuus\/?page_id=39"},"modified":"2016-01-22T12:59:16","modified_gmt":"2016-01-22T10:59:16","slug":"miten-arvioidaan","status":"publish","type":"page","link":"https:\/\/yhdenvertaisuus.finlex.fi\/sv\/yhdenvertaisuuden-arviointi\/miten-arvioidaan\/","title":{"rendered":"Hur bed\u00f6ms detta?"},"content":{"rendered":"<p><img decoding=\"async\" class=\"alignright size-full wp-image-377\" src=\"http:\/\/yhdenvertaisuus.finlex.fi\/wp-content\/uploads\/2015\/10\/yhtenvertaisuus-04.png\" alt=\"yhtenvertaisuus-04\" width=\"365\" \/>Likabehandling och icke-diskriminering \u00e4r fr\u00e5gor som i princip kan g\u00e4lla alla former av verksamhet i en organisation. D\u00e4rf\u00f6r kan det till en b\u00f6rjan k\u00e4nnas utmanande att bed\u00f6ma likabehandling. Under de senaste \u00e5ren har bra metoder som kan anv\u00e4ndas i bed\u00f6mningen av likabehandling utvecklats. Inget hindrar heller en organisation fr\u00e5n att utveckla nya bed\u00f6mningsmetoder som l\u00e4mpar sig f\u00f6r den egna verksamheten.\u00a0 Nedan f\u00f6ljer exempel p\u00e5 bed\u00f6mningsmetoder och l\u00e4nkar till material om metoderna:<\/p>","protected":false},"excerpt":{"rendered":"Likabehandling och icke-diskriminering \u00e4r fr\u00e5gor som i princip kan g\u00e4lla alla former av verksamhet i en organisation. D\u00e4rf\u00f6r kan det till en b\u00f6rjan k\u00e4nnas utmanande att bed\u00f6ma likabehandling. Under de senaste \u00e5ren har bra metoder som kan anv\u00e4ndas i bed\u00f6mningen av likabehandling utvecklats. Inget hindrar heller en organisation fr\u00e5n att utveckla nya bed\u00f6mningsmetoder som l\u00e4mpar [&hellip;]\n","protected":false},"author":6,"featured_media":0,"parent":31,"menu_order":40,"comment_status":"closed","ping_status":"closed","template":"","meta":{"footnotes":""},"categories":[],"_links":{"self":[{"href":"https:\/\/yhdenvertaisuus.finlex.fi\/sv\/wp-json\/wp\/v2\/pages\/39"}],"collection":[{"href":"https:\/\/yhdenvertaisuus.finlex.fi\/sv\/wp-json\/wp\/v2\/pages"}],"about":[{"href":"https:\/\/yhdenvertaisuus.finlex.fi\/sv\/wp-json\/wp\/v2\/types\/page"}],"author":[{"embeddable":true,"href":"https:\/\/yhdenvertaisuus.finlex.fi\/sv\/wp-json\/wp\/v2\/users\/6"}],"replies":[{"embeddable":true,"href":"https:\/\/yhdenvertaisuus.finlex.fi\/sv\/wp-json\/wp\/v2\/comments?post=39"}],"version-history":[{"count":6,"href":"https:\/\/yhdenvertaisuus.finlex.fi\/sv\/wp-json\/wp\/v2\/pages\/39\/revisions"}],"predecessor-version":[{"id":442,"href":"https:\/\/yhdenvertaisuus.finlex.fi\/sv\/wp-json\/wp\/v2\/pages\/39\/revisions\/442"}],"up":[{"embeddable":true,"href":"https:\/\/yhdenvertaisuus.finlex.fi\/sv\/wp-json\/wp\/v2\/pages\/31"}],"wp:attachment":[{"href":"https:\/\/yhdenvertaisuus.finlex.fi\/sv\/wp-json\/wp\/v2\/media?parent=39"}],"wp:term":[{"taxonomy":"category","embeddable":true,"href":"https:\/\/yhdenvertaisuus.finlex.fi\/sv\/wp-json\/wp\/v2\/categories?post=39"}],"curies":[{"name":"wp","href":"https:\/\/api.w.org\/{rel}","templated":true}]}}